{"id":36,"date":"2026-01-25T14:42:57","date_gmt":"2026-01-25T13:42:57","guid":{"rendered":"https:\/\/biotikpolska.pl\/?page_id=36"},"modified":"2026-02-01T00:37:25","modified_gmt":"2026-01-31T23:37:25","slug":"aktualnosci","status":"publish","type":"page","link":"https:\/\/biotikpolska.pl\/index.php\/aktualnosci\/","title":{"rendered":"Aktualno\u015bci"},"content":{"rendered":"\t\t<div data-elementor-type=\"wp-page\" data-elementor-id=\"36\" class=\"elementor elementor-36\">\n\t\t\t\t<div class=\"elementor-element elementor-element-5027724 e-con-full e-flex wpr-particle-no wpr-jarallax-no wpr-parallax-no wpr-sticky-section-no e-con e-parent\" data-id=\"5027724\" data-element_type=\"container\" data-settings=\"{&quot;background_background&quot;:&quot;classic&quot;}\">\n\t\t<div class=\"elementor-element elementor-element-7f5a7fe e-flex e-con-boxed wpr-particle-no wpr-jarallax-no wpr-parallax-no wpr-sticky-section-no e-con e-child\" data-id=\"7f5a7fe\" data-element_type=\"container\">\n\t\t\t\t\t<div class=\"e-con-inner\">\n\t\t\t\t<div class=\"elementor-element elementor-element-7dc7e51 elementor-invisible elementor-widget elementor-widget-heading\" data-id=\"7dc7e51\" data-element_type=\"widget\" data-settings=\"{&quot;_animation&quot;:&quot;fadeInUp&quot;}\" data-widget_type=\"heading.default\">\n\t\t\t\t\t<h1 class=\"elementor-heading-title elementor-size-default\"><p class=\"MsoNormal\"><b><span lang=\"EN-US\">ZAUFAJ NASZEJ TECHNOLOGII<\/span><\/b><span style=\"font-size: 2.5rem\"><\/span><\/p><\/h1>\t\t\t\t<\/div>\n\t\t\t\t\t<\/div>\n\t\t\t\t<\/div>\n\t\t<div class=\"elementor-element elementor-element-fe5bc1c e-flex e-con-boxed wpr-particle-no wpr-jarallax-no wpr-parallax-no wpr-sticky-section-no e-con e-child\" data-id=\"fe5bc1c\" data-element_type=\"container\" data-settings=\"{&quot;animation&quot;:&quot;none&quot;}\">\n\t\t\t\t\t<div class=\"e-con-inner\">\n\t\t\t\t<div class=\"elementor-element elementor-element-9b65788 elementor-widget__width-initial elementor-invisible elementor-widget elementor-widget-text-editor\" data-id=\"9b65788\" data-element_type=\"widget\" data-settings=\"{&quot;_animation&quot;:&quot;fadeInUp&quot;}\" data-widget_type=\"text-editor.default\">\n\t\t\t\t\t\t\t\t\t<p>\ud83c\uddf5\ud83c\uddf1 AKTUALNO\u015aCI<\/p><p>Wchodzimy na rynek ukrai\u0144ski \u2013 zapraszamy do wsp\u00f3\u0142pracy<\/p><p>Z przyjemno\u015bci\u0105 informujemy, \u017ce rozszerzamy nasz\u0105 dzia\u0142alno\u015b\u0107 na rynek ukrai\u0144ski. Oferujemy pe\u0142n\u0105 gam\u0119 naszych produkt\u00f3w, a tak\u017ce biopreparaty dla rolnictwa firmy JMS- Global, dost\u0119pne dla partner\u00f3w w Ukrainie w specjalnych, preferencyjnych cenach.<\/p><p>Posiadamy wy\u0142\u0105czno\u015b\u0107 na sprzeda\u017c produkt\u00f3w JMS- Global na rynku ukrai\u0144skim, co gwarantuje stabilno\u015b\u0107 wsp\u00f3\u0142pracy, transparentne warunki oraz d\u0142ugofalowe partnerstwo.<\/p><p>Aktualnie poszukujemy profesjonalnych, rzetelnych i uczciwych partner\u00f3w w Ukrainie, kt\u00f3rzy s\u0105 zainteresowani rozpocz\u0119ciem wsp\u00f3\u0142pracy dystrybucyjnej lub handlowej w sektorze rolnym oraz wodno-kanalizacyjnem.<\/p><p>Jeste\u015bmy otwarci na r\u00f3\u017cne formy wsp\u00f3\u0142pracy, oferujemy wsparcie merytoryczne oraz marketingowe.<\/p><p>\ud83d\udce9 W celu nawi\u0105zania kontaktu prosimy o kontakt telefoniczny lub mailowy:<br \/>\ud83d\udcde +38 050 152 46 12 \u2013 Nataliya Voloshko<br \/>\u2709\ufe0f biuro@biotikpolska.pl<\/p>\t\t\t\t\t\t\t\t<\/div>\n\t\t\t\t<div class=\"elementor-element elementor-element-b52bf74 elementor-widget__width-initial elementor-invisible elementor-widget elementor-widget-text-editor\" data-id=\"b52bf74\" data-element_type=\"widget\" data-settings=\"{&quot;_animation&quot;:&quot;fadeInUp&quot;}\" data-widget_type=\"text-editor.default\">\n\t\t\t\t\t\t\t\t\t<p>\ud83c\uddfa\ud83c\udde6 \u041d\u041e\u0412\u0418\u041d\u0418<\/p><p>\u0412\u0438\u0445\u0456\u0434 \u043d\u0430 \u0443\u043a\u0440\u0430\u0457\u043d\u0441\u044c\u043a\u0438\u0439 \u0440\u0438\u043d\u043e\u043a \u2014 \u0437\u0430\u043f\u0440\u043e\u0448\u0443\u0454\u043c\u043e \u0434\u043e \u0441\u043f\u0456\u0432\u043f\u0440\u0430\u0446\u0456<\/p><p>\u0417 \u043f\u0440\u0438\u0454\u043c\u043d\u0456\u0441\u0442\u044e \u0456\u043d\u0444\u043e\u0440\u043c\u0443\u0454\u043c\u043e, \u0449\u043e \u043c\u0438 \u0440\u043e\u0437\u0448\u0438\u0440\u044e\u0454\u043c\u043e \u043d\u0430\u0448\u0443 \u0434\u0456\u044f\u043b\u044c\u043d\u0456\u0441\u0442\u044c \u043d\u0430 \u0443\u043a\u0440\u0430\u0457\u043d\u0441\u044c\u043a\u0438\u0439 \u0440\u0438\u043d\u043e\u043a \u0442\u0430 \u043f\u0440\u043e\u043f\u043e\u043d\u0443\u0454\u043c\u043e \u0432\u0441\u0456 \u043d\u0430\u0448\u0456 \u043f\u0440\u043e\u0434\u0443\u043a\u0442\u0438, \u0430 \u0442\u0430\u043a\u043e\u0436 \u0431\u0456\u043e\u043f\u0440\u0435\u043f\u0430\u0440\u0430\u0442\u0438 \u0434\u043b\u044f \u0441\u0456\u043b\u044c\u0441\u044c\u043a\u043e\u0433\u043e \u0433\u043e\u0441\u043f\u043e\u0434\u0430\u0440\u0441\u0442\u0432\u0430 \u043a\u043e\u043c\u043f\u0430\u043d\u0456\u0457 GSMS Global \u0437\u0430 \u0441\u043f\u0435\u0446\u0456\u0430\u043b\u044c\u043d\u0438\u043c\u0438, \u0432\u0438\u0433\u0456\u0434\u043d\u0438\u043c\u0438 \u0446\u0456\u043d\u0430\u043c\u0438 \u0434\u043b\u044f \u043f\u0430\u0440\u0442\u043d\u0435\u0440\u0456\u0432 \u0432 \u0423\u043a\u0440\u0430\u0457\u043d\u0456.<\/p><p>\u041c\u0438 \u043c\u0430\u0454\u043c\u043e \u0435\u043a\u0441\u043a\u043b\u044e\u0437\u0438\u0432\u043d\u0435 \u043f\u0440\u0430\u0432\u043e \u043d\u0430 \u043f\u0440\u043e\u0434\u0430\u0436 \u043f\u0440\u043e\u0434\u0443\u043a\u0446\u0456\u0457 JMS- Global \u043d\u0430 \u0442\u0435\u0440\u0438\u0442\u043e\u0440\u0456\u0457 \u0423\u043a\u0440\u0430\u0457\u043d\u0438, \u0449\u043e \u0437\u0430\u0431\u0435\u0437\u043f\u0435\u0447\u0443\u0454 \u043d\u0430\u0434\u0456\u0439\u043d\u0456 \u0443\u043c\u043e\u0432\u0438, \u043f\u0440\u043e\u0437\u043e\u0440\u0443 \u0441\u043f\u0456\u0432\u043f\u0440\u0430\u0446\u044e \u0442\u0430 \u0434\u043e\u0432\u0433\u043e\u0441\u0442\u0440\u043e\u043a\u043e\u0432\u0435 \u043f\u0430\u0440\u0442\u043d\u0435\u0440\u0441\u0442\u0432\u043e.<\/p><p>\u041d\u0430\u0440\u0430\u0437\u0456 \u043c\u0438 \u0448\u0443\u043a\u0430\u0454\u043c\u043e \u043f\u0440\u043e\u0444\u0435\u0441\u0456\u0439\u043d\u0438\u0445, \u0432\u0456\u0434\u043f\u043e\u0432\u0456\u0434\u0430\u043b\u044c\u043d\u0438\u0445 \u0442\u0430 \u0447\u0435\u0441\u043d\u0438\u0445 \u043f\u0430\u0440\u0442\u043d\u0435\u0440\u0456\u0432 \u0432 \u0423\u043a\u0440\u0430\u0457\u043d\u0456 \u0434\u043b\u044f \u043f\u043e\u0447\u0430\u0442\u043a\u0443 \u0441\u043f\u0456\u043b\u044c\u043d\u043e\u0457 \u0440\u043e\u0431\u043e\u0442\u0438 \u0443 \u0441\u0444\u0435\u0440\u0456 \u0434\u0438\u0441\u0442\u0440\u0438\u0431\u0443\u0446\u0456\u0457 \u0442\u0430 \u043f\u0440\u043e\u0434\u0430\u0436\u0443 \u0430\u0433\u0440\u0430\u0440\u043d\u043e\u0457 \u043f\u0440\u043e\u0434\u0443\u043a\u0446\u0456\u0457 \u0442\u0430 \u0443 \u0432\u043e\u0434\u043d\u043e-\u043a\u0430\u043d\u0430\u043b\u0456\u0437\u0430\u0446\u0456\u0439\u043d\u043e\u043c\u0443 \u0441\u0435\u043a\u0442\u043e\u0440\u0456.<\/p><p>\u041c\u0438 \u0432\u0456\u0434\u043a\u0440\u0438\u0442\u0456 \u0434\u043e \u0440\u0456\u0437\u043d\u0438\u0445 \u0444\u043e\u0440\u043c\u0430\u0442\u0456\u0432 \u0441\u043f\u0456\u0432\u043f\u0440\u0430\u0446\u0456 \u0442\u0430 \u0433\u043e\u0442\u043e\u0432\u0456 \u043d\u0430\u0434\u0430\u0442\u0438 \u0456\u043d\u0444\u043e\u0440\u043c\u0430\u0446\u0456\u0439\u043d\u0443 \u0442\u0430 \u043c\u0430\u0440\u043a\u0435\u0442\u0438\u043d\u0433\u043e\u0432\u0443 \u043f\u0456\u0434\u0442\u0440\u0438\u043c\u043a\u0443.<\/p><p>\ud83d\udce9 \u0417 \u043c\u0435\u0442\u043e\u044e \u043d\u0430\u043b\u0430\u0433\u043e\u0434\u0436\u0435\u043d\u043d\u044f \u043a\u043e\u043d\u0442\u0430\u043a\u0442\u0443 \u043f\u0440\u043e\u0441\u0438\u043c\u043e \u0437\u0432\u0435\u0440\u0442\u0430\u0442\u0438\u0441\u044f:<br \/>\ud83d\udcde +38 050 152 46 12 \u2013 \u041d\u0430\u0442\u0430\u043b\u044f \u0412\u043e\u043b\u043e\u0448\u043a\u043e<br \/>\u2709\ufe0f biuro@biotikpolska.pl<\/p>\t\t\t\t\t\t\t\t<\/div>\n\t\t\t\t\t<\/div>\n\t\t\t\t<\/div>\n\t\t<div class=\"elementor-element elementor-element-554af01 e-flex e-con-boxed wpr-particle-no wpr-jarallax-no wpr-parallax-no wpr-sticky-section-no e-con e-child\" data-id=\"554af01\" data-element_type=\"container\" data-settings=\"{&quot;animation&quot;:&quot;none&quot;}\">\n\t\t\t\t\t<div class=\"e-con-inner\">\n\t\t\t\t<div class=\"elementor-element elementor-element-c8afc80 elementor-invisible elementor-widget elementor-widget-image\" data-id=\"c8afc80\" data-element_type=\"widget\" data-settings=\"{&quot;_animation&quot;:&quot;fadeInUp&quot;}\" data-widget_type=\"image.default\">\n\t\t\t\t\t\t\t\t\t\t\t\t\t\t\t<img fetchpriority=\"high\" decoding=\"async\" width=\"800\" height=\"323\" src=\"https:\/\/biotikpolska.pl\/wp-content\/uploads\/2026\/02\/photo_2026-01-31_22-27-32-1024x414.jpg\" class=\"attachment-large size-large wp-image-620\" alt=\"\" srcset=\"https:\/\/biotikpolska.pl\/wp-content\/uploads\/2026\/02\/photo_2026-01-31_22-27-32-1024x414.jpg 1024w, https:\/\/biotikpolska.pl\/wp-content\/uploads\/2026\/02\/photo_2026-01-31_22-27-32-300x121.jpg 300w, https:\/\/biotikpolska.pl\/wp-content\/uploads\/2026\/02\/photo_2026-01-31_22-27-32-768x310.jpg 768w, https:\/\/biotikpolska.pl\/wp-content\/uploads\/2026\/02\/photo_2026-01-31_22-27-32.jpg 1280w\" sizes=\"(max-width: 800px) 100vw, 800px\" \/>\t\t\t\t\t\t\t\t\t\t\t\t\t\t\t<\/div>\n\t\t\t\t\t<\/div>\n\t\t\t\t<\/div>\n\t\t\t\t<\/div>\n\t\t\t\t<\/div>\n\t\t","protected":false},"excerpt":{"rendered":"<p>ZAUFAJ NASZEJ TECHNOLOGII \ud83c\uddf5\ud83c\uddf1 AKTUALNO\u015aCI Wchodzimy na rynek ukrai\u0144ski \u2013 zapraszamy do wsp\u00f3\u0142pracy Z przyjemno\u015bci\u0105 informujemy, \u017ce rozszerzamy nasz\u0105 dzia\u0142alno\u015b\u0107 na rynek ukrai\u0144ski. Oferujemy pe\u0142n\u0105 gam\u0119 naszych produkt\u00f3w, a tak\u017ce biopreparaty dla rolnictwa firmy JMS- Global, dost\u0119pne dla partner\u00f3w w Ukrainie w specjalnych, preferencyjnych cenach. Posiadamy wy\u0142\u0105czno\u015b\u0107 na sprzeda\u017c produkt\u00f3w JMS- Global na rynku ukrai\u0144skim, co gwarantuje stabilno\u015b\u0107 wsp\u00f3\u0142pracy, transparentne warunki oraz d\u0142ugofalowe partnerstwo. Aktualnie poszukujemy profesjonalnych, rzetelnych i uczciwych partner\u00f3w w Ukrainie, kt\u00f3rzy s\u0105 zainteresowani rozpocz\u0119ciem wsp\u00f3\u0142pracy dystrybucyjnej lub handlowej w sektorze rolnym oraz wodno-kanalizacyjnem. Jeste\u015bmy otwarci na r\u00f3\u017cne formy wsp\u00f3\u0142pracy, oferujemy wsparcie merytoryczne oraz marketingowe. \ud83d\udce9 W celu nawi\u0105zania kontaktu prosimy o kontakt telefoniczny lub mailowy:\ud83d\udcde +38 050 152 46 12 \u2013 Nataliya Voloshko\u2709\ufe0f biuro@biotikpolska.pl \ud83c\uddfa\ud83c\udde6 \u041d\u041e\u0412\u0418\u041d\u0418 \u0412\u0438\u0445\u0456\u0434 \u043d\u0430 \u0443\u043a\u0440\u0430\u0457\u043d\u0441\u044c\u043a\u0438\u0439 \u0440\u0438\u043d\u043e\u043a \u2014 \u0437\u0430\u043f\u0440\u043e\u0448\u0443\u0454\u043c\u043e \u0434\u043e \u0441\u043f\u0456\u0432\u043f\u0440\u0430\u0446\u0456 \u0417 \u043f\u0440\u0438\u0454\u043c\u043d\u0456\u0441\u0442\u044e \u0456\u043d\u0444\u043e\u0440\u043c\u0443\u0454\u043c\u043e, \u0449\u043e \u043c\u0438 \u0440\u043e\u0437\u0448\u0438\u0440\u044e\u0454\u043c\u043e \u043d\u0430\u0448\u0443 \u0434\u0456\u044f\u043b\u044c\u043d\u0456\u0441\u0442\u044c \u043d\u0430 \u0443\u043a\u0440\u0430\u0457\u043d\u0441\u044c\u043a\u0438\u0439 \u0440\u0438\u043d\u043e\u043a \u0442\u0430 \u043f\u0440\u043e\u043f\u043e\u043d\u0443\u0454\u043c\u043e \u0432\u0441\u0456 \u043d\u0430\u0448\u0456 \u043f\u0440\u043e\u0434\u0443\u043a\u0442\u0438, \u0430 \u0442\u0430\u043a\u043e\u0436 \u0431\u0456\u043e\u043f\u0440\u0435\u043f\u0430\u0440\u0430\u0442\u0438 \u0434\u043b\u044f \u0441\u0456\u043b\u044c\u0441\u044c\u043a\u043e\u0433\u043e \u0433\u043e\u0441\u043f\u043e\u0434\u0430\u0440\u0441\u0442\u0432\u0430 \u043a\u043e\u043c\u043f\u0430\u043d\u0456\u0457 GSMS Global \u0437\u0430 \u0441\u043f\u0435\u0446\u0456\u0430\u043b\u044c\u043d\u0438\u043c\u0438, \u0432\u0438\u0433\u0456\u0434\u043d\u0438\u043c\u0438 \u0446\u0456\u043d\u0430\u043c\u0438 \u0434\u043b\u044f \u043f\u0430\u0440\u0442\u043d\u0435\u0440\u0456\u0432 \u0432 \u0423\u043a\u0440\u0430\u0457\u043d\u0456. \u041c\u0438 \u043c\u0430\u0454\u043c\u043e \u0435\u043a\u0441\u043a\u043b\u044e\u0437\u0438\u0432\u043d\u0435 \u043f\u0440\u0430\u0432\u043e \u043d\u0430 \u043f\u0440\u043e\u0434\u0430\u0436 \u043f\u0440\u043e\u0434\u0443\u043a\u0446\u0456\u0457 JMS- Global \u043d\u0430 \u0442\u0435\u0440\u0438\u0442\u043e\u0440\u0456\u0457 \u0423\u043a\u0440\u0430\u0457\u043d\u0438, \u0449\u043e \u0437\u0430\u0431\u0435\u0437\u043f\u0435\u0447\u0443\u0454 \u043d\u0430\u0434\u0456\u0439\u043d\u0456 \u0443\u043c\u043e\u0432\u0438, \u043f\u0440\u043e\u0437\u043e\u0440\u0443 \u0441\u043f\u0456\u0432\u043f\u0440\u0430\u0446\u044e \u0442\u0430 \u0434\u043e\u0432\u0433\u043e\u0441\u0442\u0440\u043e\u043a\u043e\u0432\u0435 \u043f\u0430\u0440\u0442\u043d\u0435\u0440\u0441\u0442\u0432\u043e. \u041d\u0430\u0440\u0430\u0437\u0456 \u043c\u0438 \u0448\u0443\u043a\u0430\u0454\u043c\u043e \u043f\u0440\u043e\u0444\u0435\u0441\u0456\u0439\u043d\u0438\u0445, \u0432\u0456\u0434\u043f\u043e\u0432\u0456\u0434\u0430\u043b\u044c\u043d\u0438\u0445 \u0442\u0430 \u0447\u0435\u0441\u043d\u0438\u0445 \u043f\u0430\u0440\u0442\u043d\u0435\u0440\u0456\u0432 \u0432 \u0423\u043a\u0440\u0430\u0457\u043d\u0456 \u0434\u043b\u044f \u043f\u043e\u0447\u0430\u0442\u043a\u0443 \u0441\u043f\u0456\u043b\u044c\u043d\u043e\u0457 \u0440\u043e\u0431\u043e\u0442\u0438 \u0443 \u0441\u0444\u0435\u0440\u0456 \u0434\u0438\u0441\u0442\u0440\u0438\u0431\u0443\u0446\u0456\u0457 \u0442\u0430 \u043f\u0440\u043e\u0434\u0430\u0436\u0443 \u0430\u0433\u0440\u0430\u0440\u043d\u043e\u0457 \u043f\u0440\u043e\u0434\u0443\u043a\u0446\u0456\u0457 \u0442\u0430 \u0443 \u0432\u043e\u0434\u043d\u043e-\u043a\u0430\u043d\u0430\u043b\u0456\u0437\u0430\u0446\u0456\u0439\u043d\u043e\u043c\u0443 \u0441\u0435\u043a\u0442\u043e\u0440\u0456. \u041c\u0438 \u0432\u0456\u0434\u043a\u0440\u0438\u0442\u0456 \u0434\u043e \u0440\u0456\u0437\u043d\u0438\u0445 \u0444\u043e\u0440\u043c\u0430\u0442\u0456\u0432 \u0441\u043f\u0456\u0432\u043f\u0440\u0430\u0446\u0456 \u0442\u0430 \u0433\u043e\u0442\u043e\u0432\u0456 \u043d\u0430\u0434\u0430\u0442\u0438 \u0456\u043d\u0444\u043e\u0440\u043c\u0430\u0446\u0456\u0439\u043d\u0443 \u0442\u0430 \u043c\u0430\u0440\u043a\u0435\u0442\u0438\u043d\u0433\u043e\u0432\u0443 \u043f\u0456\u0434\u0442\u0440\u0438\u043c\u043a\u0443. \ud83d\udce9 \u0417 \u043c\u0435\u0442\u043e\u044e \u043d\u0430\u043b\u0430\u0433\u043e\u0434\u0436\u0435\u043d\u043d\u044f \u043a\u043e\u043d\u0442\u0430\u043a\u0442\u0443 \u043f\u0440\u043e\u0441\u0438\u043c\u043e \u0437\u0432\u0435\u0440\u0442\u0430\u0442\u0438\u0441\u044f:\ud83d\udcde +38 050 152 46 12 \u2013 \u041d\u0430\u0442\u0430\u043b\u044f \u0412\u043e\u043b\u043e\u0448\u043a\u043e\u2709\ufe0f biuro@biotikpolska.pl<\/p>\n","protected":false},"author":2,"featured_media":0,"parent":0,"menu_order":0,"comment_status":"closed","ping_status":"closed","template":"","meta":{"footnotes":""},"class_list":["post-36","page","type-page","status-publish","hentry"],"_links":{"self":[{"href":"https:\/\/biotikpolska.pl\/index.php\/wp-json\/wp\/v2\/pages\/36","targetHints":{"allow":["GET"]}}],"collection":[{"href":"https:\/\/biotikpolska.pl\/index.php\/wp-json\/wp\/v2\/pages"}],"about":[{"href":"https:\/\/biotikpolska.pl\/index.php\/wp-json\/wp\/v2\/types\/page"}],"author":[{"embeddable":true,"href":"https:\/\/biotikpolska.pl\/index.php\/wp-json\/wp\/v2\/users\/2"}],"replies":[{"embeddable":true,"href":"https:\/\/biotikpolska.pl\/index.php\/wp-json\/wp\/v2\/comments?post=36"}],"version-history":[{"count":13,"href":"https:\/\/biotikpolska.pl\/index.php\/wp-json\/wp\/v2\/pages\/36\/revisions"}],"predecessor-version":[{"id":623,"href":"https:\/\/biotikpolska.pl\/index.php\/wp-json\/wp\/v2\/pages\/36\/revisions\/623"}],"wp:attachment":[{"href":"https:\/\/biotikpolska.pl\/index.php\/wp-json\/wp\/v2\/media?parent=36"}],"curies":[{"name":"wp","href":"https:\/\/api.w.org\/{rel}","templated":true}]}}