{"id":32,"date":"2026-01-25T14:42:23","date_gmt":"2026-01-25T13:42:23","guid":{"rendered":"https:\/\/biotikpolska.pl\/?page_id=32"},"modified":"2026-01-30T20:45:08","modified_gmt":"2026-01-30T19:45:08","slug":"ekologiczne","status":"publish","type":"page","link":"https:\/\/biotikpolska.pl\/index.php\/ekologiczne\/","title":{"rendered":"Ekologiczne"},"content":{"rendered":"\t\t<div data-elementor-type=\"wp-page\" data-elementor-id=\"32\" class=\"elementor elementor-32\">\n\t\t\t\t<div class=\"elementor-element elementor-element-de8a72d e-con-full e-flex wpr-particle-no wpr-jarallax-no wpr-parallax-no wpr-sticky-section-no e-con e-parent\" data-id=\"de8a72d\" data-element_type=\"container\" data-settings=\"{&quot;background_background&quot;:&quot;classic&quot;}\">\n\t\t<div class=\"elementor-element elementor-element-bfd508f e-flex e-con-boxed wpr-particle-no wpr-jarallax-no wpr-parallax-no wpr-sticky-section-no e-con e-child\" data-id=\"bfd508f\" data-element_type=\"container\">\n\t\t\t\t\t<div class=\"e-con-inner\">\n\t\t\t\t<div class=\"elementor-element elementor-element-3857125 elementor-invisible elementor-widget elementor-widget-heading\" data-id=\"3857125\" data-element_type=\"widget\" data-settings=\"{&quot;_animation&quot;:&quot;fadeInUp&quot;}\" data-widget_type=\"heading.default\">\n\t\t\t\t\t<h1 class=\"elementor-heading-title elementor-size-default\"><p>Ekologiczne Rozwi\u0105zania Dla Gospodarki Odpadami<span style=\", sans-serif;font-size: 2.5rem;font-weight: 600;white-space: pre-wrap;text-align: center;float: none\"><\/span><\/p><\/h1>\t\t\t\t<\/div>\n\t\t\t\t\t<\/div>\n\t\t\t\t<\/div>\n\t\t<div class=\"elementor-element elementor-element-99235b7 e-flex e-con-boxed wpr-particle-no wpr-jarallax-no wpr-parallax-no wpr-sticky-section-no e-con e-child\" data-id=\"99235b7\" data-element_type=\"container\">\n\t\t\t\t\t<div class=\"e-con-inner\">\n\t\t\t\t<div class=\"elementor-element elementor-element-e3c42f6 elementor-invisible elementor-widget elementor-widget-heading\" data-id=\"e3c42f6\" data-element_type=\"widget\" data-settings=\"{&quot;_animation&quot;:&quot;fadeInUp&quot;}\" data-widget_type=\"heading.default\">\n\t\t\t\t\t<h3 class=\"elementor-heading-title elementor-size-default\"><p><span style=\"font-size: 2.5rem\">BIO \u2013 NV 80<\/span><span style=\"font-size: 1.75rem\"><\/span><\/p><\/h3>\t\t\t\t<\/div>\n\t\t\t\t\t<\/div>\n\t\t\t\t<\/div>\n\t\t<div class=\"elementor-element elementor-element-4f8a21d e-flex e-con-boxed wpr-particle-no wpr-jarallax-no wpr-parallax-no wpr-sticky-section-no e-con e-child\" data-id=\"4f8a21d\" data-element_type=\"container\">\n\t\t\t\t\t<div class=\"e-con-inner\">\n\t\t\t\t<div class=\"elementor-element elementor-element-08f6784 elementor-widget__width-initial elementor-invisible elementor-widget elementor-widget-text-editor\" data-id=\"08f6784\" data-element_type=\"widget\" data-settings=\"{&quot;_animation&quot;:&quot;fadeInUp&quot;}\" data-widget_type=\"text-editor.default\">\n\t\t\t\t\t\t\t\t\t<p>Preparat mikrobiologiczny wspomagaj\u0105cy procesy kompostowania odpad\u00f3w komunalnych <br \/>(tzw frakcji 080) oraz odpad\u00f3w zielonych<\/p>\t\t\t\t\t\t\t\t<\/div>\n\t\t\t\t\t<\/div>\n\t\t\t\t<\/div>\n\t\t<div class=\"elementor-element elementor-element-93aa082 e-flex e-con-boxed wpr-particle-no wpr-jarallax-no wpr-parallax-no wpr-sticky-section-no e-con e-child\" data-id=\"93aa082\" data-element_type=\"container\">\n\t\t\t\t\t<div class=\"e-con-inner\">\n\t\t\t\t<div class=\"elementor-element elementor-element-bfb9795 elementor-widget__width-initial elementor-invisible elementor-widget elementor-widget-text-editor\" data-id=\"bfb9795\" data-element_type=\"widget\" data-settings=\"{&quot;_animation&quot;:&quot;fadeInUp&quot;}\" data-widget_type=\"text-editor.default\">\n\t\t\t\t\t\t\t\t\t<p>Preparat BIO\u2013NV80 dzi\u0119ki specjalnie zestawionemu kompozytowi niepatogennych bakterii wspomaga proces kompostowania substancji organicznych oraz odpad\u00f3w zielonych. Preparat dzia\u0142a w ka\u017cdym z etap\u00f3w procesu kompostowania \u0142\u0105cznie z etapem fermentacji termo\ufb01lowej. Preparat BIO-NV 80 znacz\u0105co redukuje poziom odor\u00f3w towarzysz\u0105cych procesowi kompostowania, g\u0142\u00f3wnie amoniaku i siarkowodoru oraz lotnych zwi\u0105zk\u00f3w organicznych takich jak merkaptany, skatol, indol itp. Preparat przyspiesza proces kompostowania przy jednoczesnej poprawie jego parametr\u00f3w (struktura, wilgotno\u015b\u0107, higienizacja, redukcja masy kompostowej).<\/p>\t\t\t\t\t\t\t\t<\/div>\n\t\t\t\t\t<\/div>\n\t\t\t\t<\/div>\n\t\t<div class=\"elementor-element elementor-element-3cb4750 e-flex e-con-boxed wpr-particle-no wpr-jarallax-no wpr-parallax-no wpr-sticky-section-no e-con e-child\" data-id=\"3cb4750\" data-element_type=\"container\" data-settings=\"{&quot;animation&quot;:&quot;none&quot;}\">\n\t\t\t\t\t<div class=\"e-con-inner\">\n\t\t\t\t<div class=\"elementor-element elementor-element-6420f69 elementor-widget__width-initial elementor-invisible elementor-widget elementor-widget-text-editor\" data-id=\"6420f69\" data-element_type=\"widget\" data-settings=\"{&quot;_animation&quot;:&quot;fadeInUp&quot;}\" data-widget_type=\"text-editor.default\">\n\t\t\t\t\t\t\t\t\t<p>ZALETY STOSOWANIA PREPARTU BIO-NV 80 W PROCESACH KOPOSTOWANIA ODPAD\u00d3W<br \/>\u27a2 likwidacja uci\u0105\u017cliwych fetor\u00f3w na pryzmach kompostowych i ich otoczeniu<br \/>\u27a2 redukcja amoniaku i siarkowodoru oraz przyspieszeni procesu nitry\ufb01kacji<br \/>\u27a2 kierowanie po\u017c\u0105danymi procesami fermentacyjnymi<br \/>\u27a2 przyspieszenie proces\u00f3w mineralizacji<br \/>\u27a2 redukcja masy kompostowej<br \/>\u27a2 w\u0142a\u015bciwa higienizacja stabilizatu lub gotowego kompostu<br \/>\u27a2 skr\u00f3cenie okresu kompostowania koniecznego do osi\u0105gni\u0119cia poziomu AT4<\/p>\t\t\t\t\t\t\t\t<\/div>\n\t\t\t\t<div class=\"elementor-element elementor-element-bbae893 elementor-invisible elementor-widget elementor-widget-image\" data-id=\"bbae893\" data-element_type=\"widget\" data-settings=\"{&quot;_animation&quot;:&quot;fadeInUp&quot;}\" data-widget_type=\"image.default\">\n\t\t\t\t\t\t\t\t\t\t\t\t\t\t\t<img fetchpriority=\"high\" decoding=\"async\" width=\"800\" height=\"538\" src=\"https:\/\/biotikpolska.pl\/wp-content\/uploads\/2026\/01\/BIO-NV-80-e1769726866183-1024x689.png\" class=\"attachment-large size-large wp-image-189\" alt=\"\" srcset=\"https:\/\/biotikpolska.pl\/wp-content\/uploads\/2026\/01\/BIO-NV-80-e1769726866183-1024x689.png 1024w, https:\/\/biotikpolska.pl\/wp-content\/uploads\/2026\/01\/BIO-NV-80-e1769726866183-300x202.png 300w, https:\/\/biotikpolska.pl\/wp-content\/uploads\/2026\/01\/BIO-NV-80-e1769726866183-768x517.png 768w, https:\/\/biotikpolska.pl\/wp-content\/uploads\/2026\/01\/BIO-NV-80-e1769726866183-1536x1033.png 1536w, https:\/\/biotikpolska.pl\/wp-content\/uploads\/2026\/01\/BIO-NV-80-e1769726866183.png 1894w\" sizes=\"(max-width: 800px) 100vw, 800px\" \/>\t\t\t\t\t\t\t\t\t\t\t\t\t\t\t<\/div>\n\t\t\t\t\t<\/div>\n\t\t\t\t<\/div>\n\t\t<div class=\"elementor-element elementor-element-f747f28 e-con-full e-flex wpr-particle-no wpr-jarallax-no wpr-parallax-no wpr-sticky-section-no e-con e-child\" data-id=\"f747f28\" data-element_type=\"container\">\n\t\t\t\t<div class=\"elementor-element elementor-element-c975a53 elementor-invisible elementor-widget elementor-widget-heading\" data-id=\"c975a53\" data-element_type=\"widget\" data-settings=\"{&quot;_animation&quot;:&quot;fadeInUp&quot;}\" data-widget_type=\"heading.default\">\n\t\t\t\t\t<h3 class=\"elementor-heading-title elementor-size-default\"> <\/h3>\t\t\t\t<\/div>\n\t\t\t\t<\/div>\n\t\t<div class=\"elementor-element elementor-element-bd82e9c e-flex e-con-boxed wpr-particle-no wpr-jarallax-no wpr-parallax-no wpr-sticky-section-no e-con e-child\" data-id=\"bd82e9c\" data-element_type=\"container\">\n\t\t\t\t\t<div class=\"e-con-inner\">\n\t\t\t\t<div class=\"elementor-element elementor-element-9c812de elementor-invisible elementor-widget elementor-widget-heading\" data-id=\"9c812de\" data-element_type=\"widget\" data-settings=\"{&quot;_animation&quot;:&quot;fadeInUp&quot;}\" data-widget_type=\"heading.default\">\n\t\t\t\t\t<h3 class=\"elementor-heading-title elementor-size-default\"><p><span style=\"font-size: 2.5rem\">BIO \u2013 NV 30<\/span><span style=\"font-size: 1.75rem\"><\/span><\/p><\/h3>\t\t\t\t<\/div>\n\t\t\t\t\t<\/div>\n\t\t\t\t<\/div>\n\t\t<div class=\"elementor-element elementor-element-a4b707d e-flex e-con-boxed wpr-particle-no wpr-jarallax-no wpr-parallax-no wpr-sticky-section-no e-con e-child\" data-id=\"a4b707d\" data-element_type=\"container\">\n\t\t\t\t\t<div class=\"e-con-inner\">\n\t\t\t\t<div class=\"elementor-element elementor-element-9ac7f49 elementor-widget__width-initial elementor-invisible elementor-widget elementor-widget-text-editor\" data-id=\"9ac7f49\" data-element_type=\"widget\" data-settings=\"{&quot;_animation&quot;:&quot;fadeInUp&quot;}\" data-widget_type=\"text-editor.default\">\n\t\t\t\t\t\t\t\t\t<p>Preparat do higienizacji I dezodoryzacji odciek\u00f3w<\/p>\t\t\t\t\t\t\t\t<\/div>\n\t\t\t\t\t<\/div>\n\t\t\t\t<\/div>\n\t\t<div class=\"elementor-element elementor-element-040b469 e-flex e-con-boxed wpr-particle-no wpr-jarallax-no wpr-parallax-no wpr-sticky-section-no e-con e-child\" data-id=\"040b469\" data-element_type=\"container\">\n\t\t\t\t\t<div class=\"e-con-inner\">\n\t\t\t\t<div class=\"elementor-element elementor-element-2dec18f elementor-widget__width-initial elementor-invisible elementor-widget elementor-widget-text-editor\" data-id=\"2dec18f\" data-element_type=\"widget\" data-settings=\"{&quot;_animation&quot;:&quot;fadeInUp&quot;}\" data-widget_type=\"text-editor.default\">\n\t\t\t\t\t\t\t\t\t<p>Preparat BIO\u2013NV30 dedykowany jest higienizacji i dezodoryzacji odciek\u00f3w towarzysz\u0105cych procesom kompostowania oraz \u015bciek\u00f3w i innych nieczysto\u015bci. Dobrane szczepy charakteryzuj\u0105 si\u0119 bardzo wysok\u0105 zdolno\u015bci\u0105 do multiplikacji, zapewniaj\u0105c\u0105 bardzo szerokie spektrum dzia\u0142ania preparatu. S\u0105 absolutnie niepatogenne, bezpieczne dla szeroko rozumianego \u015brodowiska naturalnego. Wysoki poziom koncentracji zapewnia w\u0142a\u015bciwy poziom kolonizacji terenu ska\u017conego i skuteczn\u0105 redukcj\u0119 zanieczyszczenia.<\/p>\t\t\t\t\t\t\t\t<\/div>\n\t\t\t\t\t<\/div>\n\t\t\t\t<\/div>\n\t\t<div class=\"elementor-element elementor-element-3fdca6e e-flex e-con-boxed wpr-particle-no wpr-jarallax-no wpr-parallax-no wpr-sticky-section-no e-con e-child\" data-id=\"3fdca6e\" data-element_type=\"container\" data-settings=\"{&quot;animation&quot;:&quot;none&quot;}\">\n\t\t\t\t\t<div class=\"e-con-inner\">\n\t\t\t\t<div class=\"elementor-element elementor-element-243ef74 elementor-widget__width-initial elementor-invisible elementor-widget elementor-widget-text-editor\" data-id=\"243ef74\" data-element_type=\"widget\" data-settings=\"{&quot;_animation&quot;:&quot;fadeInUp&quot;}\" data-widget_type=\"text-editor.default\">\n\t\t\t\t\t\t\t\t\t<p>ZALETY STOSOWANIA PREPARTU BIO \u2013 NV30 W PROCESACH HIGIENIZACJI I DEZODORYZACJI ODCIEK\u00d3W I NIECZYSTO\u015aCI<br \/>\u27a2 redukcja uci\u0105\u017cliwych fetor\u00f3w<br \/>\u27a2 przyspieszenie proces\u00f3w sedymentacji<br \/>\u27a2 up\u0142ynnienie osad\u00f3w<br \/>\u27a2 higienizacja odciek\u00f3w<br \/>\u27a2 rozpad oraz degradacja szkodliwych substancji: amoniaku , siarkowodoru , azotyn\u00f3w, indolu, skatolu itp.<br \/>\u27a2 przyspieszenie procesu nitryfikacji<br \/>\u27a2 przyspieszenie procesu emulgacji t\u0142uszcz\u00f3w<br \/>\u27a2 silne hamowanie rozwoju patogennych drobnoustroj\u00f3w (g\u0142\u00f3wnie Escherichia coli, Enterobacter, Salmonella, Shigella, Streptoccocus, Clostridium, Pseudomonas oraz niekt\u00f3rych wirus\u00f3w chorobotw\u00f3rczych )<br \/>\u27a2 zapobieganie zjawisku \u201e puchni\u0119cia \u015bciek\u00f3w \u201d<br \/>\u27a2 redukcja ko\u017cuch\u00f3w powierzchniowych<\/p>\t\t\t\t\t\t\t\t<\/div>\n\t\t\t\t<div class=\"elementor-element elementor-element-2d0312b elementor-invisible elementor-widget elementor-widget-image\" data-id=\"2d0312b\" data-element_type=\"widget\" data-settings=\"{&quot;_animation&quot;:&quot;fadeInUp&quot;}\" data-widget_type=\"image.default\">\n\t\t\t\t\t\t\t\t\t\t\t\t\t\t\t<img decoding=\"async\" width=\"800\" height=\"513\" src=\"https:\/\/biotikpolska.pl\/wp-content\/uploads\/2026\/01\/BIO-NV-30-e1769726898872-1024x657.png\" class=\"attachment-large size-large wp-image-220\" alt=\"\" srcset=\"https:\/\/biotikpolska.pl\/wp-content\/uploads\/2026\/01\/BIO-NV-30-e1769726898872-1024x657.png 1024w, https:\/\/biotikpolska.pl\/wp-content\/uploads\/2026\/01\/BIO-NV-30-e1769726898872-300x193.png 300w, https:\/\/biotikpolska.pl\/wp-content\/uploads\/2026\/01\/BIO-NV-30-e1769726898872-768x493.png 768w, https:\/\/biotikpolska.pl\/wp-content\/uploads\/2026\/01\/BIO-NV-30-e1769726898872-1536x986.png 1536w, https:\/\/biotikpolska.pl\/wp-content\/uploads\/2026\/01\/BIO-NV-30-e1769726898872.png 1920w\" sizes=\"(max-width: 800px) 100vw, 800px\" \/>\t\t\t\t\t\t\t\t\t\t\t\t\t\t\t<\/div>\n\t\t\t\t\t<\/div>\n\t\t\t\t<\/div>\n\t\t<div class=\"elementor-element elementor-element-69bf1ce e-con-full e-flex wpr-particle-no wpr-jarallax-no wpr-parallax-no wpr-sticky-section-no e-con e-child\" data-id=\"69bf1ce\" data-element_type=\"container\">\n\t\t\t\t<div class=\"elementor-element elementor-element-98eb4a9 elementor-invisible elementor-widget elementor-widget-heading\" data-id=\"98eb4a9\" data-element_type=\"widget\" data-settings=\"{&quot;_animation&quot;:&quot;fadeInUp&quot;}\" data-widget_type=\"heading.default\">\n\t\t\t\t\t<h3 class=\"elementor-heading-title elementor-size-default\"> <\/h3>\t\t\t\t<\/div>\n\t\t\t\t<\/div>\n\t\t<div class=\"elementor-element elementor-element-dc37c4e e-flex e-con-boxed wpr-particle-no wpr-jarallax-no wpr-parallax-no wpr-sticky-section-no e-con e-child\" data-id=\"dc37c4e\" data-element_type=\"container\">\n\t\t\t\t\t<div class=\"e-con-inner\">\n\t\t\t\t<div class=\"elementor-element elementor-element-c54726c elementor-invisible elementor-widget elementor-widget-heading\" data-id=\"c54726c\" data-element_type=\"widget\" data-settings=\"{&quot;_animation&quot;:&quot;fadeInUp&quot;}\" data-widget_type=\"heading.default\">\n\t\t\t\t\t<h3 class=\"elementor-heading-title elementor-size-default\"><p><span style=\"font-size: 2.5rem\">BioGment<\/span><span style=\"font-size: 1.75rem\"><\/span><\/p><\/h3>\t\t\t\t<\/div>\n\t\t\t\t\t<\/div>\n\t\t\t\t<\/div>\n\t\t<div class=\"elementor-element elementor-element-1619063 e-flex e-con-boxed wpr-particle-no wpr-jarallax-no wpr-parallax-no wpr-sticky-section-no e-con e-child\" data-id=\"1619063\" data-element_type=\"container\">\n\t\t\t\t\t<div class=\"e-con-inner\">\n\t\t\t\t<div class=\"elementor-element elementor-element-3c57053 elementor-widget__width-initial elementor-invisible elementor-widget elementor-widget-text-editor\" data-id=\"3c57053\" data-element_type=\"widget\" data-settings=\"{&quot;_animation&quot;:&quot;fadeInUp&quot;}\" data-widget_type=\"text-editor.default\">\n\t\t\t\t\t\t\t\t\t<p>Preparat do bioremediacji gleb ska\u017conych substancjami ropopochodnymi<\/p>\t\t\t\t\t\t\t\t<\/div>\n\t\t\t\t\t<\/div>\n\t\t\t\t<\/div>\n\t\t<div class=\"elementor-element elementor-element-b78a48b e-flex e-con-boxed wpr-particle-no wpr-jarallax-no wpr-parallax-no wpr-sticky-section-no e-con e-child\" data-id=\"b78a48b\" data-element_type=\"container\">\n\t\t\t\t\t<div class=\"e-con-inner\">\n\t\t\t\t<div class=\"elementor-element elementor-element-55c32ed elementor-widget__width-initial elementor-invisible elementor-widget elementor-widget-text-editor\" data-id=\"55c32ed\" data-element_type=\"widget\" data-settings=\"{&quot;_animation&quot;:&quot;fadeInUp&quot;}\" data-widget_type=\"text-editor.default\">\n\t\t\t\t\t\t\t\t\t<p>Wielosk\u0142adnikowy Preparat BioGment dedykowany jest do bioremediacji gleb ska\u017conych substancjami ropopochodnymi. Jest to niezwykle skuteczny i ekologiczny preparat neutralizuj\u0105cy oraz wspomagaj\u0105cy usuwanie t\u0142ustych i ropopochodnych zanieczyszcze\u0144. Starannie wyselekcjonowane gatunki bakterii degraduj\u0105 zanieczyszczenia substancjami ropopochodnymi w obszarach hut i fabryk, na terenach, gdzie dosz\u0142o do ska\u017cenia WWA, w obszarach wysypisk \u015bmieci, a tak\u017ce w rejonach oczyszczalni \u015bciek\u00f3w.<\/p>\t\t\t\t\t\t\t\t<\/div>\n\t\t\t\t\t<\/div>\n\t\t\t\t<\/div>\n\t\t<div class=\"elementor-element elementor-element-0c984cc e-flex e-con-boxed wpr-particle-no wpr-jarallax-no wpr-parallax-no wpr-sticky-section-no e-con e-child\" data-id=\"0c984cc\" data-element_type=\"container\" data-settings=\"{&quot;animation&quot;:&quot;none&quot;}\">\n\t\t\t\t\t<div class=\"e-con-inner\">\n\t\t\t\t<div class=\"elementor-element elementor-element-8bb1a88 elementor-widget__width-initial elementor-invisible elementor-widget elementor-widget-text-editor\" data-id=\"8bb1a88\" data-element_type=\"widget\" data-settings=\"{&quot;_animation&quot;:&quot;fadeInUp&quot;}\" data-widget_type=\"text-editor.default\">\n\t\t\t\t\t\t\t\t\t<p>BioGment z\u0142o\u017cony jest z wyizolowanych ze \u015brodowiska naturalnego szczep\u00f3w bakteryjnych zdolnych do efektywnego rozk\u0142adu substancji ropopochodnych.<\/p>\t\t\t\t\t\t\t\t<\/div>\n\t\t\t\t<div class=\"elementor-element elementor-element-e492655 elementor-invisible elementor-widget elementor-widget-image\" data-id=\"e492655\" data-element_type=\"widget\" data-settings=\"{&quot;_animation&quot;:&quot;fadeInUp&quot;}\" data-widget_type=\"image.default\">\n\t\t\t\t\t\t\t\t\t\t\t\t\t\t\t<img decoding=\"async\" width=\"800\" height=\"541\" src=\"https:\/\/biotikpolska.pl\/wp-content\/uploads\/2026\/01\/Biogment-e1769727003732-1024x692.png\" class=\"attachment-large size-large wp-image-221\" alt=\"\" srcset=\"https:\/\/biotikpolska.pl\/wp-content\/uploads\/2026\/01\/Biogment-e1769727003732-1024x692.png 1024w, https:\/\/biotikpolska.pl\/wp-content\/uploads\/2026\/01\/Biogment-e1769727003732-300x203.png 300w, https:\/\/biotikpolska.pl\/wp-content\/uploads\/2026\/01\/Biogment-e1769727003732-768x519.png 768w, https:\/\/biotikpolska.pl\/wp-content\/uploads\/2026\/01\/Biogment-e1769727003732-1536x1038.png 1536w, https:\/\/biotikpolska.pl\/wp-content\/uploads\/2026\/01\/Biogment-e1769727003732.png 1885w\" sizes=\"(max-width: 800px) 100vw, 800px\" \/>\t\t\t\t\t\t\t\t\t\t\t\t\t\t\t<\/div>\n\t\t\t\t\t<\/div>\n\t\t\t\t<\/div>\n\t\t<div class=\"elementor-element elementor-element-e0d2e2d e-con-full e-flex wpr-particle-no wpr-jarallax-no wpr-parallax-no wpr-sticky-section-no e-con e-child\" data-id=\"e0d2e2d\" data-element_type=\"container\">\n\t\t\t\t<div class=\"elementor-element elementor-element-c985d1a elementor-invisible elementor-widget elementor-widget-heading\" data-id=\"c985d1a\" data-element_type=\"widget\" data-settings=\"{&quot;_animation&quot;:&quot;fadeInUp&quot;}\" data-widget_type=\"heading.default\">\n\t\t\t\t\t<h3 class=\"elementor-heading-title elementor-size-default\"> <\/h3>\t\t\t\t<\/div>\n\t\t\t\t<\/div>\n\t\t\t\t<\/div>\n\t\t\t\t<\/div>\n\t\t","protected":false},"excerpt":{"rendered":"<p>Ekologiczne Rozwi\u0105zania Dla Gospodarki Odpadami BIO \u2013 NV 80 Preparat mikrobiologiczny wspomagaj\u0105cy procesy kompostowania odpad\u00f3w komunalnych (tzw frakcji 080) oraz odpad\u00f3w zielonych Preparat BIO\u2013NV80 dzi\u0119ki specjalnie zestawionemu kompozytowi niepatogennych bakterii wspomaga proces kompostowania substancji organicznych oraz odpad\u00f3w zielonych. Preparat dzia\u0142a w ka\u017cdym z etap\u00f3w procesu kompostowania \u0142\u0105cznie z etapem fermentacji termo\ufb01lowej. Preparat BIO-NV 80 znacz\u0105co redukuje poziom odor\u00f3w towarzysz\u0105cych procesowi kompostowania, g\u0142\u00f3wnie amoniaku i siarkowodoru oraz lotnych zwi\u0105zk\u00f3w organicznych takich jak merkaptany, skatol, indol itp. Preparat przyspiesza proces kompostowania przy jednoczesnej poprawie jego parametr\u00f3w (struktura, wilgotno\u015b\u0107, higienizacja, redukcja masy kompostowej). ZALETY STOSOWANIA PREPARTU BIO-NV 80 W PROCESACH KOPOSTOWANIA ODPAD\u00d3W\u27a2 likwidacja uci\u0105\u017cliwych fetor\u00f3w na pryzmach kompostowych i ich otoczeniu\u27a2 redukcja amoniaku i siarkowodoru oraz przyspieszeni procesu nitry\ufb01kacji\u27a2 kierowanie po\u017c\u0105danymi procesami fermentacyjnymi\u27a2 przyspieszenie proces\u00f3w mineralizacji\u27a2 redukcja masy kompostowej\u27a2 w\u0142a\u015bciwa higienizacja stabilizatu lub gotowego kompostu\u27a2 skr\u00f3cenie okresu kompostowania koniecznego do osi\u0105gni\u0119cia poziomu AT4 BIO \u2013 NV 30 Preparat do higienizacji I dezodoryzacji odciek\u00f3w Preparat BIO\u2013NV30 dedykowany jest higienizacji i dezodoryzacji odciek\u00f3w towarzysz\u0105cych procesom kompostowania oraz \u015bciek\u00f3w i innych nieczysto\u015bci. Dobrane szczepy charakteryzuj\u0105 si\u0119 bardzo wysok\u0105 zdolno\u015bci\u0105 do multiplikacji, zapewniaj\u0105c\u0105 bardzo szerokie spektrum dzia\u0142ania preparatu. S\u0105 absolutnie niepatogenne, bezpieczne dla szeroko rozumianego \u015brodowiska naturalnego. Wysoki poziom koncentracji zapewnia w\u0142a\u015bciwy poziom kolonizacji terenu ska\u017conego i skuteczn\u0105 redukcj\u0119 zanieczyszczenia. ZALETY STOSOWANIA PREPARTU BIO \u2013 NV30 W PROCESACH HIGIENIZACJI I DEZODORYZACJI ODCIEK\u00d3W I NIECZYSTO\u015aCI\u27a2 redukcja uci\u0105\u017cliwych fetor\u00f3w\u27a2 przyspieszenie proces\u00f3w sedymentacji\u27a2 up\u0142ynnienie osad\u00f3w\u27a2 higienizacja odciek\u00f3w\u27a2 rozpad oraz degradacja szkodliwych substancji: amoniaku , siarkowodoru , azotyn\u00f3w, indolu, skatolu itp.\u27a2 przyspieszenie procesu nitryfikacji\u27a2 przyspieszenie procesu emulgacji t\u0142uszcz\u00f3w\u27a2 silne hamowanie rozwoju patogennych drobnoustroj\u00f3w (g\u0142\u00f3wnie Escherichia coli, Enterobacter, Salmonella, Shigella, Streptoccocus, Clostridium, Pseudomonas oraz niekt\u00f3rych wirus\u00f3w chorobotw\u00f3rczych )\u27a2 zapobieganie zjawisku \u201e puchni\u0119cia \u015bciek\u00f3w \u201d\u27a2 redukcja ko\u017cuch\u00f3w powierzchniowych BioGment Preparat do bioremediacji gleb ska\u017conych substancjami ropopochodnymi Wielosk\u0142adnikowy Preparat BioGment dedykowany jest do bioremediacji gleb ska\u017conych substancjami ropopochodnymi. Jest to niezwykle skuteczny i ekologiczny preparat neutralizuj\u0105cy oraz wspomagaj\u0105cy usuwanie t\u0142ustych i ropopochodnych zanieczyszcze\u0144. Starannie wyselekcjonowane gatunki bakterii degraduj\u0105 zanieczyszczenia substancjami ropopochodnymi w obszarach hut i fabryk, na terenach, gdzie dosz\u0142o do ska\u017cenia WWA, w obszarach wysypisk \u015bmieci, a tak\u017ce w rejonach oczyszczalni \u015bciek\u00f3w. BioGment z\u0142o\u017cony jest z wyizolowanych ze \u015brodowiska naturalnego szczep\u00f3w bakteryjnych zdolnych do efektywnego rozk\u0142adu substancji ropopochodnych.<\/p>\n","protected":false},"author":2,"featured_media":0,"parent":0,"menu_order":0,"comment_status":"closed","ping_status":"closed","template":"","meta":{"footnotes":""},"class_list":["post-32","page","type-page","status-publish","hentry"],"_links":{"self":[{"href":"https:\/\/biotikpolska.pl\/index.php\/wp-json\/wp\/v2\/pages\/32","targetHints":{"allow":["GET"]}}],"collection":[{"href":"https:\/\/biotikpolska.pl\/index.php\/wp-json\/wp\/v2\/pages"}],"about":[{"href":"https:\/\/biotikpolska.pl\/index.php\/wp-json\/wp\/v2\/types\/page"}],"author":[{"embeddable":true,"href":"https:\/\/biotikpolska.pl\/index.php\/wp-json\/wp\/v2\/users\/2"}],"replies":[{"embeddable":true,"href":"https:\/\/biotikpolska.pl\/index.php\/wp-json\/wp\/v2\/comments?post=32"}],"version-history":[{"count":28,"href":"https:\/\/biotikpolska.pl\/index.php\/wp-json\/wp\/v2\/pages\/32\/revisions"}],"predecessor-version":[{"id":528,"href":"https:\/\/biotikpolska.pl\/index.php\/wp-json\/wp\/v2\/pages\/32\/revisions\/528"}],"wp:attachment":[{"href":"https:\/\/biotikpolska.pl\/index.php\/wp-json\/wp\/v2\/media?parent=32"}],"curies":[{"name":"wp","href":"https:\/\/api.w.org\/{rel}","templated":true}]}}