{"id":30,"date":"2026-01-25T14:41:38","date_gmt":"2026-01-25T13:41:38","guid":{"rendered":"https:\/\/biotikpolska.pl\/?page_id=30"},"modified":"2026-01-29T23:20:14","modified_gmt":"2026-01-29T22:20:14","slug":"biopreparaty","status":"publish","type":"page","link":"https:\/\/biotikpolska.pl\/index.php\/biopreparaty\/","title":{"rendered":"Biopreparaty"},"content":{"rendered":"\t\t<div data-elementor-type=\"wp-page\" data-elementor-id=\"30\" class=\"elementor elementor-30\">\n\t\t\t\t<div class=\"elementor-element elementor-element-d58b905 e-con-full e-flex wpr-particle-no wpr-jarallax-no wpr-parallax-no wpr-sticky-section-no e-con e-parent\" data-id=\"d58b905\" data-element_type=\"container\" data-settings=\"{&quot;background_background&quot;:&quot;classic&quot;}\">\n\t\t<div class=\"elementor-element elementor-element-8f7d2a1 e-flex e-con-boxed wpr-particle-no wpr-jarallax-no wpr-parallax-no wpr-sticky-section-no e-con e-child\" data-id=\"8f7d2a1\" data-element_type=\"container\">\n\t\t\t\t\t<div class=\"e-con-inner\">\n\t\t\t\t<div class=\"elementor-element elementor-element-c633f61 elementor-invisible elementor-widget elementor-widget-heading\" data-id=\"c633f61\" data-element_type=\"widget\" data-settings=\"{&quot;_animation&quot;:&quot;fadeInUp&quot;}\" data-widget_type=\"heading.default\">\n\t\t\t\t\t<h1 class=\"elementor-heading-title elementor-size-default\"><p class=\"MsoNormal\"><b><span lang=\"EN-US\">BioSedin<\/span><\/b><span style=\"font-size: 2.5rem\"><\/span><\/p><\/h1>\t\t\t\t<\/div>\n\t\t\t\t\t<\/div>\n\t\t\t\t<\/div>\n\t\t<div class=\"elementor-element elementor-element-ef4b7a4 e-flex e-con-boxed wpr-particle-no wpr-jarallax-no wpr-parallax-no wpr-sticky-section-no e-con e-child\" data-id=\"ef4b7a4\" data-element_type=\"container\">\n\t\t\t\t\t<div class=\"e-con-inner\">\n\t\t\t\t<div class=\"elementor-element elementor-element-10f7807 elementor-invisible elementor-widget elementor-widget-heading\" data-id=\"10f7807\" data-element_type=\"widget\" data-settings=\"{&quot;_animation&quot;:&quot;fadeInUp&quot;}\" data-widget_type=\"heading.default\">\n\t\t\t\t\t<h3 class=\"elementor-heading-title elementor-size-default\"><p><span style=\"font-size: 2.5rem\">Biotechnologia dla komunalnych Oczyszczalni \u015aciek\u00f3w w zakresie redukcji osad\u00f3w<\/span><span style=\"font-size: 1.75rem\"><\/span><\/p><\/h3>\t\t\t\t<\/div>\n\t\t\t\t\t<\/div>\n\t\t\t\t<\/div>\n\t\t<div class=\"elementor-element elementor-element-99a682b e-flex e-con-boxed wpr-particle-no wpr-jarallax-no wpr-parallax-no wpr-sticky-section-no e-con e-child\" data-id=\"99a682b\" data-element_type=\"container\">\n\t\t\t\t\t<div class=\"e-con-inner\">\n\t\t\t\t<div class=\"elementor-element elementor-element-05a0adf elementor-widget__width-initial elementor-invisible elementor-widget elementor-widget-text-editor\" data-id=\"05a0adf\" data-element_type=\"widget\" data-settings=\"{&quot;_animation&quot;:&quot;fadeInUp&quot;}\" data-widget_type=\"text-editor.default\">\n\t\t\t\t\t\t\t\t\t<p>Preparat BioSedin dedykowany jest do usuwania nadmiaru osad\u00f3w i odor\u00f3w w komunalnych Oczyszczalniach \u015aciek\u00f3w. BioSedin jest produktem mikrobiologicznym na bazie naturalnych bakterii. Dobrane szczepy charakteryzuj\u0105 si\u0119 szerokim zakresem dzia\u0142ania.<\/p>\t\t\t\t\t\t\t\t<\/div>\n\t\t\t\t\t<\/div>\n\t\t\t\t<\/div>\n\t\t<div class=\"elementor-element elementor-element-03196ff e-flex e-con-boxed wpr-particle-no wpr-jarallax-no wpr-parallax-no wpr-sticky-section-no e-con e-child\" data-id=\"03196ff\" data-element_type=\"container\" data-settings=\"{&quot;animation&quot;:&quot;none&quot;}\">\n\t\t\t\t\t<div class=\"e-con-inner\">\n\t\t\t\t<div class=\"elementor-element elementor-element-cf7c31d elementor-widget__width-initial elementor-invisible elementor-widget elementor-widget-text-editor\" data-id=\"cf7c31d\" data-element_type=\"widget\" data-settings=\"{&quot;_animation&quot;:&quot;fadeInUp&quot;}\" data-widget_type=\"text-editor.default\">\n\t\t\t\t\t\t\t\t\t<p>Zalety stosowania Preparatu BioSedin <br \/>\u27a2 Redukcja osadu w Oczyszczalni \u015aciek\u00f3w <br \/>\u27a2 Poprawa wydajno\u015bci (BZTn, ChZT, azot, fosfor)<br \/>\u27a2 Up\u0142ynnianie i usuwanie t\u0142uszcz\u00f3w, olej\u00f3w i substancji t\u0142uszczowych <br \/>\u27a2 Usuni\u0119cie nieprzyjemnych zapach\u00f3w<br \/>\u27a2 Znaczne zmniejszenie liczby mikrozanieczyszcze\u0144<br \/>\u27a2 Zwi\u0119kszony poziom odporno\u015bci na nap\u0142ywaj\u0105ce obci\u0105\u017cenia organiczne<br \/>\u27a2 Przeczyszczenie rur kanalizacyjnych<\/p>\t\t\t\t\t\t\t\t<\/div>\n\t\t\t\t<div class=\"elementor-element elementor-element-c1d6b50 elementor-invisible elementor-widget elementor-widget-image\" data-id=\"c1d6b50\" data-element_type=\"widget\" data-settings=\"{&quot;_animation&quot;:&quot;fadeInUp&quot;}\" data-widget_type=\"image.default\">\n\t\t\t\t\t\t\t\t\t\t\t\t\t\t\t<img fetchpriority=\"high\" decoding=\"async\" width=\"800\" height=\"531\" src=\"https:\/\/biotikpolska.pl\/wp-content\/uploads\/2026\/01\/BIOPREPARATY-DO-OCZYSZCZALNI-SCIEKOW-1024x680.png\" class=\"attachment-large size-large wp-image-148\" alt=\"\" srcset=\"https:\/\/biotikpolska.pl\/wp-content\/uploads\/2026\/01\/BIOPREPARATY-DO-OCZYSZCZALNI-SCIEKOW-1024x680.png 1024w, https:\/\/biotikpolska.pl\/wp-content\/uploads\/2026\/01\/BIOPREPARATY-DO-OCZYSZCZALNI-SCIEKOW-300x199.png 300w, https:\/\/biotikpolska.pl\/wp-content\/uploads\/2026\/01\/BIOPREPARATY-DO-OCZYSZCZALNI-SCIEKOW-768x510.png 768w, https:\/\/biotikpolska.pl\/wp-content\/uploads\/2026\/01\/BIOPREPARATY-DO-OCZYSZCZALNI-SCIEKOW-1536x1020.png 1536w, https:\/\/biotikpolska.pl\/wp-content\/uploads\/2026\/01\/BIOPREPARATY-DO-OCZYSZCZALNI-SCIEKOW.png 1920w\" sizes=\"(max-width: 800px) 100vw, 800px\" \/>\t\t\t\t\t\t\t\t\t\t\t\t\t\t\t<\/div>\n\t\t\t\t\t<\/div>\n\t\t\t\t<\/div>\n\t\t\t\t<\/div>\n\t\t\t\t<\/div>\n\t\t","protected":false},"excerpt":{"rendered":"<p>BioSedin Biotechnologia dla komunalnych Oczyszczalni \u015aciek\u00f3w w zakresie redukcji osad\u00f3w Preparat BioSedin dedykowany jest do usuwania nadmiaru osad\u00f3w i odor\u00f3w w komunalnych Oczyszczalniach \u015aciek\u00f3w. BioSedin jest produktem mikrobiologicznym na bazie naturalnych bakterii. Dobrane szczepy charakteryzuj\u0105 si\u0119 szerokim zakresem dzia\u0142ania. Zalety stosowania Preparatu BioSedin \u27a2 Redukcja osadu w Oczyszczalni \u015aciek\u00f3w \u27a2 Poprawa wydajno\u015bci (BZTn, ChZT, azot, fosfor)\u27a2 Up\u0142ynnianie i usuwanie t\u0142uszcz\u00f3w, olej\u00f3w i substancji t\u0142uszczowych \u27a2 Usuni\u0119cie nieprzyjemnych zapach\u00f3w\u27a2 Znaczne zmniejszenie liczby mikrozanieczyszcze\u0144\u27a2 Zwi\u0119kszony poziom odporno\u015bci na nap\u0142ywaj\u0105ce obci\u0105\u017cenia organiczne\u27a2 Przeczyszczenie rur kanalizacyjnych<\/p>\n","protected":false},"author":2,"featured_media":0,"parent":0,"menu_order":0,"comment_status":"closed","ping_status":"closed","template":"","meta":{"footnotes":""},"class_list":["post-30","page","type-page","status-publish","hentry"],"_links":{"self":[{"href":"https:\/\/biotikpolska.pl\/index.php\/wp-json\/wp\/v2\/pages\/30","targetHints":{"allow":["GET"]}}],"collection":[{"href":"https:\/\/biotikpolska.pl\/index.php\/wp-json\/wp\/v2\/pages"}],"about":[{"href":"https:\/\/biotikpolska.pl\/index.php\/wp-json\/wp\/v2\/types\/page"}],"author":[{"embeddable":true,"href":"https:\/\/biotikpolska.pl\/index.php\/wp-json\/wp\/v2\/users\/2"}],"replies":[{"embeddable":true,"href":"https:\/\/biotikpolska.pl\/index.php\/wp-json\/wp\/v2\/comments?post=30"}],"version-history":[{"count":23,"href":"https:\/\/biotikpolska.pl\/index.php\/wp-json\/wp\/v2\/pages\/30\/revisions"}],"predecessor-version":[{"id":285,"href":"https:\/\/biotikpolska.pl\/index.php\/wp-json\/wp\/v2\/pages\/30\/revisions\/285"}],"wp:attachment":[{"href":"https:\/\/biotikpolska.pl\/index.php\/wp-json\/wp\/v2\/media?parent=30"}],"curies":[{"name":"wp","href":"https:\/\/api.w.org\/{rel}","templated":true}]}}